{"id":8291,"date":"2023-10-17T17:59:33","date_gmt":"2023-10-17T15:59:33","guid":{"rendered":"http:\/\/madedesign.es\/dichiarazione-di-accessibilita\/"},"modified":"2025-09-24T23:00:51","modified_gmt":"2025-09-24T21:00:51","slug":"dichiarazione-di-accessibilita","status":"publish","type":"page","link":"https:\/\/madedesign.es\/it\/dichiarazione-di-accessibilita\/","title":{"rendered":"Dichiarazione di accessibilit\u00e0"},"content":{"rendered":"\n<p>Made Design 1967 S.L. si impegna a rendere accessibili i propri siti web in conformit\u00e0 con il Regio Decreto 1112\/2018, del 7 settembre, sull&#8217;accessibilit\u00e0 dei siti web e delle applicazioni per dispositivi mobili del settore pubblico (di seguito, Regio Decreto 1112\/2018, del 7 settembre).<\/p>\n\n<p>La presente dichiarazione di accessibilit\u00e0 si applica al sito web <a href=\"http:\/\/madedesign.es\">https:\/\/madedesign.es<\/a> (i sottodomini di questo sito web avranno le proprie dichiarazioni di accessibilit\u00e0).<\/p>\n\n<p><strong>Stato di conformit\u00e0<\/strong><\/p>\n\n<p>Questo sito web \u00e8 parzialmente conforme al Decreto Reale 1112\/2018, del 7 settembre, a causa della non conformit\u00e0 dei seguenti aspetti.<\/p>\n\n<p><strong>Contenuto non accessibile<\/strong><\/p>\n\n<p>Il contenuto sottostante non \u00e8 accessibile per i seguenti motivi:<\/p>\n\n<ul class=\"wp-block-list\">\n<li>Non conformit\u00e0 con il Regio Decreto 1112\/2018 del 7 settembre: potrebbero esserci occasionali errori di editing in alcune pagine web, sia nei contenuti HTML che nei documenti finali, pubblicati dopo il 20 settembre 2018. In particolare, possono verificarsi errori in documenti contenenti grafici, tabelle complesse o firmati elettronicamente prima della revisione dell&#8217;accessibilit\u00e0.<\/li>\n\n\n\n<li>Onere sproporzionato: non applicabile.<\/li>\n\n\n\n<li>Il contenuto non rientra nell&#8217;ambito di applicazione della normativa vigente: ci sono file di ufficio in PDF o altri formati pubblicati prima del 20 settembre 2018 che non soddisfano pienamente tutti i requisiti di accessibilit\u00e0. Questo pu\u00f2 anche includere contenuti prodotti da terzi che non sono finanziati, sviluppati o sotto il controllo della parte responsabile di questo sito web.<\/li>\n<\/ul>\n\n<p><strong>Preparazione della presente dichiarazione di accessibilit\u00e0<\/strong><\/p>\n\n<p>La presente dichiarazione \u00e8 stata redatta il 13 ottobre 2023.<\/p>\n\n<p>Il metodo utilizzato per preparare la dichiarazione \u00e8 stato un&#8217;autovalutazione effettuata dall&#8217;azienda stessa.<\/p>\n\n<p>Ultima revisione della dichiarazione: 17 ottobre 2023.<\/p>\n\n<p><strong>Osservazioni e contatti<\/strong><\/p>\n\n<p>\u00c8 possibile presentare osservazioni sui requisiti di accessibilit\u00e0, ad esempio:<\/p>\n\n<ul class=\"wp-block-list\">\n<li>Per segnalare eventuali non conformit\u00e0 da parte di questo sito web.<\/li>\n\n\n\n<li>Convogliare altre difficolt\u00e0 di accesso ai contenuti.<\/li>\n\n\n\n<li>Per formulare qualsiasi altra richiesta o suggerimento di miglioramento in merito all&#8217;accessibilit\u00e0 del sito web.<\/li>\n<\/ul>\n\n<p>Attraverso i seguenti canali:<\/p>\n\n<p>Indirizzo e-mail: <strong>digital@planningsisplamo.com<\/strong><br\/>Numeri di telefono: <strong>(+34) 93 561 65 95<\/strong><\/p>\n\n<p>\u00c8 inoltre possibile richiedere in formato accessibile le informazioni non conformi ai requisiti di accessibilit\u00e0 o presentare un reclamo per la mancata conformit\u00e0 ai requisiti di accessibilit\u00e0.<\/p>\n\n<p>Le comunicazioni, le richieste di informazioni accessibili e i reclami devono essere indirizzati al dipartimento DIGITALE della Pianificazione.<\/p>\n\n<p><strong>Procedura di applicazione<\/strong><\/p>\n\n<p>Attraverso questa procedura \u00e8 possibile avviare un reclamo per conoscere e contestare le ragioni del rifiuto di una richiesta di informazioni accessibili o di un reclamo.<\/p>\n\n<p><strong>Contenuto opzionale<\/strong><\/p>\n\n<p>La versione attualmente visibile di questo sito web \u00e8 datata 17 ottobre 2023 e l&#8217;attuale livello di accessibilit\u00e0 \u00e8 stato rivisto in tale data.<\/p>\n\n<p>Da quella data, vengono effettuate quotidianamente revisioni parziali dei contenuti web nuovi o modificati per garantire la conformit\u00e0 ai requisiti di accessibilit\u00e0.<\/p>\n\n<p><\/p>\n","protected":false},"excerpt":{"rendered":"<p>Made Design 1967 S.L. si impegna a rendere accessibili i propri siti web in conformit\u00e0 con il Regio Decreto 1112\/2018, del 7 settembre, sull&#8217;accessibilit\u00e0 dei siti web e delle applicazioni per dispositivi mobili del settore pubblico (di seguito, Regio Decreto 1112\/2018, del 7 settembre). La presente dichiarazione di accessibilit\u00e0 si applica al sito web https:\/\/madedesign.es [&hellip;]<\/p>\n","protected":false},"author":2,"featured_media":0,"parent":0,"menu_order":0,"comment_status":"closed","ping_status":"closed","template":"","meta":{"footnotes":""},"class_list":["post-8291","page","type-page","status-publish","hentry"],"_links":{"self":[{"href":"https:\/\/madedesign.es\/it\/wp-json\/wp\/v2\/pages\/8291","targetHints":{"allow":["GET"]}}],"collection":[{"href":"https:\/\/madedesign.es\/it\/wp-json\/wp\/v2\/pages"}],"about":[{"href":"https:\/\/madedesign.es\/it\/wp-json\/wp\/v2\/types\/page"}],"author":[{"embeddable":true,"href":"https:\/\/madedesign.es\/it\/wp-json\/wp\/v2\/users\/2"}],"replies":[{"embeddable":true,"href":"https:\/\/madedesign.es\/it\/wp-json\/wp\/v2\/comments?post=8291"}],"version-history":[{"count":2,"href":"https:\/\/madedesign.es\/it\/wp-json\/wp\/v2\/pages\/8291\/revisions"}],"predecessor-version":[{"id":10942,"href":"https:\/\/madedesign.es\/it\/wp-json\/wp\/v2\/pages\/8291\/revisions\/10942"}],"wp:attachment":[{"href":"https:\/\/madedesign.es\/it\/wp-json\/wp\/v2\/media?parent=8291"}],"curies":[{"name":"wp","href":"https:\/\/api.w.org\/{rel}","templated":true}]}}