{"id":8127,"date":"2023-10-14T00:09:21","date_gmt":"2023-10-13T22:09:21","guid":{"rendered":"http:\/\/madedesign.es\/?page_id=8127"},"modified":"2025-09-24T23:28:44","modified_gmt":"2025-09-24T21:28:44","slug":"politica-sulla-riservatezza","status":"publish","type":"page","link":"https:\/\/madedesign.es\/it\/politica-sulla-riservatezza\/","title":{"rendered":"Informativa sulla privacy"},"content":{"rendered":"\t\t<div data-elementor-type=\"wp-page\" data-elementor-id=\"8127\" class=\"elementor elementor-8127 elementor-8124\" data-elementor-post-type=\"page\">\n\t\t\t\t<div class=\"elementor-element elementor-element-872e2cf e-flex e-con-boxed e-con e-parent\" data-id=\"872e2cf\" data-element_type=\"container\" data-e-type=\"container\" data-settings=\"{&quot;background_background&quot;:&quot;classic&quot;,&quot;jet_parallax_layout_list&quot;:[]}\">\n\t\t\t\t\t<div class=\"e-con-inner\">\n\t\t\t\t<div class=\"elementor-element elementor-element-478f3a0 elementor-widget elementor-widget-heading\" data-id=\"478f3a0\" data-element_type=\"widget\" data-e-type=\"widget\" data-widget_type=\"heading.default\">\n\t\t\t\t<div class=\"elementor-widget-container\">\n\t\t\t\t\t<h1 class=\"elementor-heading-title elementor-size-default\">Informativa sulla privacy<\/h1>\t\t\t\t<\/div>\n\t\t\t\t<\/div>\n\t\t\t\t\t<\/div>\n\t\t\t\t<\/div>\n\t\t<div class=\"elementor-element elementor-element-4318c5f e-flex e-con-boxed e-con e-parent\" data-id=\"4318c5f\" data-element_type=\"container\" data-e-type=\"container\" data-settings=\"{&quot;background_background&quot;:&quot;classic&quot;,&quot;jet_parallax_layout_list&quot;:[]}\">\n\t\t\t\t\t<div class=\"e-con-inner\">\n\t\t<div class=\"elementor-element elementor-element-1db4d97 e-con-full e-flex e-con e-child\" data-id=\"1db4d97\" data-element_type=\"container\" data-e-type=\"container\" data-settings=\"{&quot;jet_parallax_layout_list&quot;:[],&quot;background_background&quot;:&quot;classic&quot;}\">\n\t\t\t\t<div class=\"elementor-element elementor-element-4ee264e elementor-widget elementor-widget-text-editor\" data-id=\"4ee264e\" data-element_type=\"widget\" data-e-type=\"widget\" data-widget_type=\"text-editor.default\">\n\t\t\t\t<div class=\"elementor-widget-container\">\n\t\t\t\t\t\t\t\t\t<p><span style=\"font-size: 1rem;\">Made Design 1967 S.L.<\/span>, con NIF\/CIF B22927560, indirizzo Carrer Cam\u00ed De La Font Freda, 17, Nave 4, 08110<\/p>\n<p>&#8211; Montcada I Reixac (Barcellona), non pu\u00f2 assumersi alcuna responsabilit\u00e0 derivante dall&#8217;uso scorretto, inappropriato o<\/p>\n<p>illecito delle informazioni presenti nelle pagine Internet di madedesign.es<\/p>\n<p>Nei limiti stabiliti dalla legge, madedesign.es non si assume alcuna responsabilit\u00e0 derivante dalla mancanza di veridicit\u00e0, integrit\u00e0, aggiornamento e accuratezza dei dati o delle informazioni contenute nelle sue pagine Internet.&nbsp;<\/p>\n<p>I contenuti e le informazioni non vincolano madedesign.es n\u00e9 costituiscono opinioni, consigli o consulenza legale di alcun tipo, poich\u00e9 si tratta meramente di un servizio offerto a carattere informativo e divulgativo.&nbsp;<\/p>\n<p><span style=\"font-size: 1rem;\">I testi, le immagini, i suoni, le animazioni, il software e tutti gli altri contenuti inclusi in questo sito web sono di propriet\u00e0 esclusiva di planningsisplamo.com, madedesign.es, sbsystem.es o dei suoi licenziatari. Qualsiasi atto di trasmissione, distribuzione, cessione, riproduzione, archiviazione o comunicazione pubblica totale o parziale deve avere il consenso espresso di madedesign.es&nbsp;&nbsp;<\/span><\/p>\n<p>Inoltre, per accedere ad alcuni dei servizi che madedesign.es offre attraverso il sito web, \u00e8 necessario fornire alcuni dati personali. In ottemperanza a quanto stabilito nel&nbsp;<\/p>\n<p>Regolamento (UE) 2016\/679 del Parlamento Europeo e del Consiglio, del 27 aprile 2016, relativo alla protezione delle persone fisiche con riguardo al trattamento dei dati personali e alla libera circolazione di tali dati, La informiamo che, mediante la compilazione dei presenti moduli, i Suoi dati personali saranno inseriti e trattati negli archivi di Made Design 1967 S.L. al fine di poterLe fornire e offrire i nostri servizi, nonch\u00e9 per informarla dei miglioramenti del sito Web. Allo stesso modo, La informiamo della possibilit\u00e0 di esercitare i diritti di accesso, rettifica, cancellazione e opposizione dei Suoi dati personali, gratuitamente tramite e-mail a comercial@planningsisplamo.com o all&#8217;indirizzo Carrer Cam\u00ed De La Font Freda, 17, Nave 4, 08110 &#8211; Montcada I Reixac (Barcellona). &nbsp;<\/p>\n<p>Politica sulla privacy&nbsp;<\/p>\n<p><span style=\"font-size: 1rem;\">Made Design 1967 S.L.<\/span>&nbsp;<\/p>\n<p>C\/ Cam\u00ed de la Font Freda n\u00ba 17 nave 4<\/p>\n<p>PoI. Ind. Pla d\u2019en Coll  <\/p>\n<p>08110 Montcada i Reixac<\/p>\n<p>Barcellona (Spagna)<\/p>\n<p>CIF B22927560<\/p>\n<p>T. (+34) 93 561 65 95<\/p>\n<p>Correo: comercia@planningsisplamo.com<\/p>\n<p>Grazie per il Suo interesse nel nostro negozio online. La protezione della Sua privacy \u00e8 molto importante per noi. Di seguito La informiamo dettagliatamente sul trattamento dei Suoi dati.  <\/p>\n<p>1. Dati di accesso e hosting<\/p>\n<p>Pu\u00f2 visitare le nostre pagine web senza necessit\u00e0 di identificarsi. Ogni volta che si accede a una pagina web, il server web salva automaticamente un file chiamato Server-Logfile, che contiene ad esempio il nome del file richiesto, il Suo indirizzo IP, la data e l&#8217;ora dell&#8217;accesso, la quantit\u00e0 di dati trasmessi e il fornitore che realizza l&#8217;accesso (dati di accesso) e che documenta l&#8217;accesso. Questi dati di accesso si analizzano esclusivamente con la finalit\u00e0 di assicurare il buon funzionamento della pagina, cos\u00ec come di migliorare la nostra offerta. Questo serve per salvaguardare, nel quadro di una ponderazione di interessi, il nostro interesse legittimo preponderante nella corretta rappresentazione della nostra offerta. Tutti i dati di accesso si eliminano al pi\u00f9 tardi sette giorni dopo il Suo accesso alla pagina.    <\/p>\n<p>2. Raccolta e uso di dati per l&#8217;esecuzione del contratto e al creare un account cliente<\/p>\n<p>Raccogliamo dati personali quando Lei ce li facilita volontariamente in occasione di un ordine, quando contatta con noi (p. es. mediante il formulario di contatto o posta elettronica) o all&#8217;aprire un account cliente. I campi obbligatori sono marcati come tali, dato che in questi casi abbiamo bisogno dei dati obbligatoriamente per il processamento del contratto, il trattamento della Sua presa di contatto o per l&#8217;apertura del Suo account cliente, e senza i quali Lei non potr\u00e0 concludere l&#8217;ordine e\/o l&#8217;apertura dell&#8217;account o inviare la presa di contatto. I dati che si raccolgono si desumono dai corrispondenti formulari di raccolta di dati. Utilizziamo i dati facilitati da Lei per il processamento del contratto e per tramitare le Sue consultazioni. Dopo aver processato per completo il contratto o cancellare il Suo account cliente, i Suoi dati si restringeranno per il processamento posteriore e una volta trascorsi i possibili termini fiscali e mercantili di conservazione saranno cancellati, sempre che Lei non abbia dato il Suo consenso espresso per l&#8217;uso posteriore dei Suoi dati o che noi ci riserviamo il diritto a un uso posteriore dei dati legalmente permesso e del quale La informiamo in questa dichiarazione. La cancellazione del Suo account cliente si potr\u00e0 effettuare in qualsiasi momento, bene mediante l&#8217;invio di un messaggio all&#8217;indirizzo di contatto che figura pi\u00f9 in basso o attraverso una funzione esistente nella propria account cliente.     <\/p>\n<p>3. Trasmissione di dati<\/p>\n<p>Per l&#8217;adempimento del contratto trasmettiamo i Suoi dati alla compagnia di spedizioni per posta incaricata del trasporto, sempre che ci\u00f2 sia necessario per la consegna della merce ordinata. In funzione del fornitore di servizi di pagamento che scelga durante il processo di ordine, trasmetteremo i dati di pagamento raccolti per la tramitazione dei pagamenti all&#8217;entit\u00e0 di credito incaricata del pagamento e, nel Suo caso, al fornitore di servizi di pagamento contrattato da noi o al servizio di pagamento scelto. In parte, i fornitori di servizi di pagamento scelti anche raccolgono loro stessi questi dati, sempre che apra un account con loro. In questo caso, dovr\u00e0 registrarsi durante il processo di ordine con i Suoi dati di accesso nell&#8217;account del fornitore di servizi di pagamento e sar\u00e0 di applicazione la dichiarazione di protezione di dati del corrispondente fornitore di servizi di pagamento.   <\/p>\n<p>4. Invio di comunicazioni commerciali<\/p>\n<p>Newsletter o bollettino di notizie<\/p>\n<p>Conforme all&#8217;Art. 6, comma 1, paragrafo 1, lettera a del RGPD, di avere ottenuto previamente il Suo consenso espresso all&#8217;iscrizione al nostro bollettino, utilizzeremo i dati necessari per ci\u00f2 per l&#8217;invio di comunicazioni commerciali d&#8217;accordo a detto consenso. Lei pu\u00f2 darsi di bassa del bollettino in qualsiasi momento, inviando un messaggio al nostro indirizzo di contatto qui descritto o facendo click nel link previsto per ci\u00f2 nell&#8217;e-mail con detta comunicazione commerciale. Dopo darsi di bassa blocchiamo il Suo indirizzo di posta elettronica per questo uso, sempre che Lei non abbia dato il Suo consenso espresso di che i dati seguano essendo usati, o noi ci riserviamo il diritto di continuare usando i Suoi dati in casi permessi dalla legge e sui quali La informiamo in questo documento.  <\/p>\n<p>Informazione commerciale su prodotti simili a quelli contrattati In conformit\u00e0 con l&#8217;articolo 21.2 della Legge 34\/2002, dell&#8217;11 luglio, dei servizi della societ\u00e0 dell&#8217;informazione e di commercio elettronico, se riceviamo il Suo indirizzo di posta elettronica nel contesto della vendita di una merce o prestazione di servizio e Lei non si \u00e8 opposto a ci\u00f2, ci riserviamo il diritto di inviarLe regolarmente per posta elettronica offerte di prodotti della nostra impresa, simili a quelli gi\u00e0 contrattati. Questo pretende garantire la soddisfazione dei nostri interessi legittimi, nel contesto di una ponderazione di interessi, in una comunicazione commerciale con il cliente conforme all&#8217;art. 6, comma 1, inciso 1, lettera f, RGPD. In qualsiasi momento Lei potr\u00e0 opporsi a questo uso del Suo indirizzo di posta elettronica nel link corrispondente nell&#8217;e-mail pubblicitario o inviando un messaggio al nostro indirizzo di posta elettronica qui descritto senza che questo occasioni costi addizionali ai costi di trasmissione secondo le tariffe base.  <\/p>\n<p>5. Integrazione del distintivo Trustbadge di Trusted Shops<\/p>\n<p>Il Trustbadge di Trusted Shops \u00e8 integrato in questa pagina web per mostrare il suo sigillo di qualit\u00e0 e le valutazioni raccolte, cos\u00ec come per offrire prodotti di Trusted Shops a compratori dopo aver realizzato un ordine.<\/p>\n<p>Questo serve per salvaguardare, nel quadro di una ponderazione di interessi, il nostro interesse legittimo preponderante in una commercializzazione ottima della nostra offerta al posibilitare un acquisto sicuro, conforme all&#8217;articolo 6, paragrafo 1, lettera f) del RGPD. Il Trustbadge, e i servizi annunciati con lo stesso, formano parte dell&#8217;offerta di Trusted Shops GmbH, Subbelrather Str. 15C, Colonia C.P. 50823, Germania. Un fornitore di reti distribuzione (CDN per le sue sigle in inglese) provvede il Trustbadge nel quadro di un trattamento per incarico.   <\/p>\n<p>Trusted Shops GmbH utilizza fornitori di servizi degli EE.UU. Si garantisce un livello adeguato di protezione di dati. Puoi trovare pi\u00f9 informazione sulla sicurezza dei dati di Trusted Shops GmbH qui: https:\/\/www.trustedshops.es\/aviso-legal\/  <\/p>\n<p>Ogni volta che si carica il Trustbadge, il server web salva automaticamente un file di registro del server, che contiene l&#8217;indirizzo IP, la data e l&#8217;ora della visita, la quantit\u00e0 di dati trasmessi e il fornitore richiedente (dati di accesso), alla volta che registra la visita. Dati individuali di accesso sono immagazzinati in una base di dati di sicurezza per l&#8217;analisi di problemi di sicurezza. I file di registro si eliminano automaticamente, al pi\u00f9 tardi, 90 giorni dopo la sua creazione.  <\/p>\n<p>Si trasferiranno dati personali addizionali a Trusted Shops GmbH, nella misura in cui, una volta formalizzato un ordine, abbia optato per l&#8217;uso dei prodotti di Trusted Shops o gi\u00e0 si sia registrato previamente per godere del suo uso. In questo caso, si applicher\u00e0 l&#8217;accordo contrattuale stabilito tra Lei e Trusted Shops. Con questo fine si raccolgono dati personali di forma automatica a partire dai dati dell&#8217;ordine.  <\/p>\n<p>La comprovazione di se Lei come compratore gi\u00e0 \u00e8 registrato per l&#8217;utilizzazione di un prodotto, si realizzer\u00e0 di forma automatizzata attraverso un parametro neutro, l&#8217;indirizzo di posta elettronica mediante una funzione crittografica unidirezionale con un algoritmo hash. Prima della sua trasmissione, l&#8217;indirizzo di posta elettronica si convertir\u00e0 a questo valore hash che Trusted Shops non pu\u00f2 decifrare. Dopo cercare una concordanza, il parametro si canceller\u00e0 automaticamente.  <\/p>\n<p>Questo \u00e8 necessario per l&#8217;adempimento dei nostri interessi legittimi preponderanti, cos\u00ec come di quelli di Trusted Shops in quanto alla prestazione della garanzia di protezione all&#8217;acquirente per questo ordine determinato, cos\u00ec come dei servizi di valutazione della transazione secondo l&#8217;Art. 6, paragrafo 1, lettera f) del RGPD. Pu\u00f2 trovare pi\u00f9 dettagli al rispetto, incluso il diritto a opporsi, nella Politica sulla privacy di Trusted Shops collegata in alto o dentro del Trustbadge. &nbsp;<\/p>\n<p>6. Cookies e analisi web<\/p>\n<p>Con il fine di fare attraente la visita alla nostra pagina web, posibilitare l&#8217;uso di determinate funzioni, mostrare i prodotti adeguati o portare a termine investigazioni di mercato impieghiamo in differenti pagine le denominate cookies. Questo serve per salvaguardare, nel quadro di una ponderazione di interessi, il nostro interesse legittimo preponderante nella presentazione ottimizzata della nostra offerta. Le cookies sono piccoli file di testo che si immagazzinano automaticamente nel Suo terminale. Alcune delle cookies impiegate da noi si eliminano al finalizzare la sessione di navigazione, \u00e8 a dire, dopo che chiuda il Suo navigatore (le denominate cookies di sessione). Altre cookies si mantengono nel Suo terminale e permettono che riconosciamo il Suo navigatore nella seguente visita (cookies permanenti). La durata dell&#8217;immagazzinamento si desume dal riassunto che figura nella configurazione di cookies del Suo navigatore. Pu\u00f2 configurare il Suo navigatore perch\u00e9 La informi sull&#8217;installazione di cookies e decidere in ogni caso se lo accetta o bloccare l&#8217;accettazione di cookies in determinati casi o con carattere generale. Ogni navigatore ha una forma differente di amministrare la configurazione di cookies. L&#8217;amministrazione di cookies viene descritta nel men\u00f9 di aiuto di ogni navigatore nel quale si spiega come pu\u00f2 cambiare la configurazione delle cookies. La trover\u00e0 nei seguenti collegamenti dei corrispondenti navigatori:         <\/p>\n<p>Internet Explorer\u2122<\/p>\n<p>Safari\u2122<\/p>\n<p>Chrome\u2122<\/p>\n<p>Firefox\u2122<\/p>\n<p>Opera\u2122<\/p>\n<p>Uso di Google (Universal) Analytics per analisi web Per l&#8217;analisi del sito web, questo sito web utilizza Google (Universal) Analytics. Il servizio di analisi di web \u00e8 offerto da Google Ireland Limited, una societ\u00e0 registrata e operata conforme alla legislazione irlandese, con sede in Gordon House, Barrow Street, Dublino 4, Irlanda (www.google.es). Questo serve secondo l&#8217;art. 6, comma 1, lettera f), RGPD, per salvaguardare, nel quadro di una ponderazione di interessi, il nostro interesse legittimo preponderante nella presentazione ottimizzata della nostra offerta. Google (Universal) Analytics utilizza metodi che permettono un&#8217;analisi del Suo uso del sito web, come le cookies. L&#8217;informazione raccolta automaticamente circa il Suo uso di questo sito web si trasferisce per lo generale a un server di Google negli EE.UU. e si immagazzina l\u00ec. All&#8217;attivare l&#8217;anonimizzatore di IP in questo sito web, l&#8217;indirizzo IP si accorcia prima della trasmissione negli Stati membri dell&#8217;Unione Europea o in altri Stati parte dell&#8217;Accordo sullo Spazio Economico Europeo. Solo in casi eccezionali si trasmetter\u00e0 l&#8217;indirizzo IP completo a un server di Google negli EE.UU. e si accorcer\u00e0 l\u00ec. In principio, l&#8217;indirizzo IP anonimizzato trasmessa dal Suo navigatore nel quadro di Google Analytics non sar\u00e0 relazionata con altri dati di Google. Una volta finalizzato l&#8217;uso di Google Analytics da parte nostra, i dati compilati in questo contesto si elimineranno.          <\/p>\n<p>In caso che si trasmettano informazioni ai server di Google in EE. UU., la societ\u00e0 statunitense Google LLC \u00e8 certificata conforme allo Scudo di privacy UE-EE. UU. Il certificato attuale si pu\u00f2 consultare qui. In virt\u00f9 di questo accordo tra EE. UU. e la Commissione Europea, quest&#8217;ultima ha determinato un livello di protezione di dati adeguato per le imprese certificate conforme allo scudo di privacy.   <\/p>\n<p>Lei pu\u00f2 impedire il registro dei dati facilitati dalla cookie a Google riferenti all&#8217;uso del sito web (inclusa il Suo indirizzo IP), cos\u00ec come il trattamento di questi dati da parte di Google scaricando e installando nel Suo computer il plug-in di navigatore disponibile attraverso il seguente collegamento: https:\/\/tools.google.com\/dlpage\/gaoptout?hl=es<\/p>\n<p>Come alternativa al plug-in di navigatore, pu\u00f2 fare click in questo collegamento per evitare nel futuro il registro di dati da parte di Google Analytics in questa pagina web. Per ci\u00f2 si installa una cookie di inabilitazione nel Suo terminale. Se cancella le Sue cookies, dovr\u00e0 fare click di nuovo nel collegamento.  <\/p>\n<p>Privacy<\/p>\n<p>Propriet\u00e0 intellettuale del software:<\/p>\n<p>L&#8217;utente deve rispettare i programmi di terzi messi a sua disposizione da Made Design 1967 S.L., anche se gratuiti e\/o di disposizione pubblica. Made Design 1967 S.L. dispone dei diritti di sfruttamento e propriet\u00e0 intellettuale necessari del software.  <\/p>\n<p>L&#8217;utente non acquisisce alcun diritto o licenza per il servizio contrattato, sul software necessario per la prestazione del servizio, n\u00e9 tanto meno sull&#8217;informazione tecnica di monitoraggio del servizio, eccezione fatta dei diritti e licenze necessari per l&#8217;adempimento dei servizi contrattati e unicamente durante la durata degli stessi.<\/p>\n<p>L&#8217;utente non acquisisce alcun diritto o licenza per il servizio contrattato, sul software necessario per la prestazione del servizio, n\u00e9 tanto meno sull&#8217;informazione tecnica di monitoraggio del servizio, eccezione fatta dei diritti e licenze necessari per l&#8217;adempimento dei servizi contrattati e unicamente durante la durata degli stessi.<\/p>\n<p>Per tutta l&#8217;azione che ecceda l&#8217;adempimento del contratto, l&#8217;utente necessiter\u00e0 autorizzazione per iscritto da parte di Made Design 1967 S.L., restando proibito all&#8217;utente accedere, modificare, visualizzare la configurazione, struttura e file dei server propriet\u00e0 di Made Design 1967 S.L., assumendo la responsabilit\u00e0 civile e penale derivata da qualsiasi incidenza che si potesse produrre nei server e sistemi di sicurezza come conseguenza diretta di un&#8217;azione negligente o maliziosa da parte sua.<\/p>\n<p>Propriet\u00e0 intellettuale dei contenuti alloggiati:<\/p>\n<p>Si proibisce l&#8217;uso contrario alla legislazione sulla propriet\u00e0 intellettuale dei servizi prestati da Made Design 1967 S.L. e, in particolare di:<\/p>\n<p>&#8211; L&#8217;utilizzazione che risulti contraria alle leggi spagnole o che infranga i diritti di terzi.<\/p>\n<p>&#8211; La pubblicazione o la trasmissione di qualsiasi contenuto che, a giudizio di Made Design 1967 S.L., risulti violento, osceno, abusivo, illegale, razziale, xenofobo o diffamatorio.<\/p>\n<p>&#8211; I crack, numeri di serie di programmi o qualsiasi altro contenuto che violi diritti della propriet\u00e0 intellettuale di terzi.<\/p>\n<p>&#8211; La raccolta e\/o l&#8217;utilizzo di dati personali di altri utenti senza il loro consenso espresso o in violazione delle disposizioni del Regolamento (UE) 2016\/679 del Parlamento Europeo e del Consiglio, del 27 aprile 2016, relativo alla protezione delle persone fisiche con riguardo al trattamento dei dati personali e alla libera circolazione di tali dati.<\/p>\n<p>&#8211; L&#8217;utilizzo del server di posta del dominio e degli indirizzi di posta elettronica per l&#8217;invio di posta massiva indesiderata.<\/p>\n<p>L&#8217;utente \u00e8 pienamente responsabile del contenuto del suo sito web, delle informazioni trasmesse e memorizzate, dei collegamenti ipertestuali, delle rivendicazioni di terzi e delle azioni legali in riferimento alla propriet\u00e0 intellettuale, ai diritti di terzi e alla protezione dei minori.<\/p>\n<p>L&#8217;utente \u00e8 responsabile per quanto riguarda le leggi e i regolamenti in vigore e le regole che hanno a che fare con il funzionamento del servizio online, il commercio elettronico, i diritti d&#8217;autore, il mantenimento dell&#8217;ordine pubblico, nonch\u00e9 i principi universali di utilizzo di Internet.<\/p>\n<p>L&#8217;utente indennizzer\u00e0 Made Design 1967 S.L. per le spese generate dall&#8217;imputazione di Made Design 1967 S.L. in una causa la cui responsabilit\u00e0 fosse attribuibile all&#8217;utente, inclusi onorari e spese di difesa legale, anche in caso di decisione giudiziaria non definitiva.<\/p>\n<p>Protezione delle informazioni ospitate<\/p>\n<p><span style=\"font-size: 1rem;\">Made Design 1967 S.L.<\/span> esegue copie di backup dei contenuti ospitati sui suoi server, tuttavia non \u00e8 responsabile della perdita o della cancellazione accidentale dei dati da parte degli utenti. Allo stesso modo, non garantisce il ripristino totale dei dati cancellati dagli utenti, poich\u00e9 i suddetti dati potrebbero essere stati soppressi e\/o modificati durante il periodo di tempo trascorso dall&#8217;ultimo backup. <\/p>\n<p>I servizi offerti, ad eccezione dei servizi specifici di backup, non includono il ripristino dei contenuti conservati nelle copie di backup eseguite da Made Design 1967 S.L., quando tale perdita \u00e8 imputabile all&#8217;utente; in questo caso, verr\u00e0 determinata una tariffa in base alla complessit\u00e0 e al volume del recupero, sempre previa accettazione dell&#8217;utente.<\/p>\n<p>Il ripristino dei dati cancellati \u00e8 incluso nel prezzo del servizio solo quando la perdita del contenuto \u00e8 dovuta a cause attribuibili a Made Design 1967 S.L..<\/p>\n<p>Comunicazioni commerciali<\/p>\n<p>In applicazione della LSSI, Made Design 1967 S.L. non invier\u00e0 comunicazioni pubblicitarie o promozionali tramite posta elettronica o altro mezzo di comunicazione elettronica equivalente che non siano state preventivamente richieste o espressamente autorizzate dai destinatari delle stesse. <\/p>\n<p>Nel caso di utenti con i quali esiste una relazione contrattuale pregressa, Made Design 1967 S.L. \u00e8 autorizzata all&#8217;invio di comunicazioni commerciali relative a prodotti o servizi di Made Design 1967 S.L. che siano simili a quelli inizialmente oggetto di contratto con il cliente.<\/p>\n<p>In ogni caso, l&#8217;utente, dopo aver dimostrato la propria identit\u00e0, potr\u00e0 richiedere che non gli vengano inviate ulteriori informazioni commerciali attraverso i canali del Servizio Clienti.<\/p>\t\t\t\t\t\t\t\t<\/div>\n\t\t\t\t<\/div>\n\t\t\t\t<\/div>\n\t\t\t\t\t<\/div>\n\t\t\t\t<\/div>\n\t\t\t\t<\/div>\n\t\t","protected":false},"excerpt":{"rendered":"<p>Made Design 1967 S.L., con NIF\/CIF B22927560, indirizzo Carrer Cam\u00ed De La Font Freda, 17, Nave 4, 08110 &#8211; Montcada I Reixac (Barcellona), non pu\u00f2 assumersi alcuna responsabilit\u00e0 derivante dall&#8217;uso scorretto, inappropriato o illecito delle informazioni presenti nelle pagine Internet di madedesign.es Nei limiti stabiliti dalla legge, madedesign.es non si assume alcuna responsabilit\u00e0 derivante dalla [&hellip;]<\/p>\n","protected":false},"author":2,"featured_media":0,"parent":0,"menu_order":0,"comment_status":"closed","ping_status":"closed","template":"elementor_header_footer","meta":{"footnotes":""},"class_list":["post-8127","page","type-page","status-publish","hentry"],"_links":{"self":[{"href":"https:\/\/madedesign.es\/it\/wp-json\/wp\/v2\/pages\/8127","targetHints":{"allow":["GET"]}}],"collection":[{"href":"https:\/\/madedesign.es\/it\/wp-json\/wp\/v2\/pages"}],"about":[{"href":"https:\/\/madedesign.es\/it\/wp-json\/wp\/v2\/types\/page"}],"author":[{"embeddable":true,"href":"https:\/\/madedesign.es\/it\/wp-json\/wp\/v2\/users\/2"}],"replies":[{"embeddable":true,"href":"https:\/\/madedesign.es\/it\/wp-json\/wp\/v2\/comments?post=8127"}],"version-history":[{"count":2,"href":"https:\/\/madedesign.es\/it\/wp-json\/wp\/v2\/pages\/8127\/revisions"}],"predecessor-version":[{"id":10971,"href":"https:\/\/madedesign.es\/it\/wp-json\/wp\/v2\/pages\/8127\/revisions\/10971"}],"wp:attachment":[{"href":"https:\/\/madedesign.es\/it\/wp-json\/wp\/v2\/media?parent=8127"}],"curies":[{"name":"wp","href":"https:\/\/api.w.org\/{rel}","templated":true}]}}