{"id":8475,"date":"2024-01-19T13:05:58","date_gmt":"2024-01-19T12:05:58","guid":{"rendered":"http:\/\/madedesign.es\/merci-bulletin\/"},"modified":"2024-01-19T13:15:46","modified_gmt":"2024-01-19T12:15:46","slug":"merci-bulletin","status":"publish","type":"page","link":"https:\/\/madedesign.es\/fr\/merci-bulletin\/","title":{"rendered":"Merci bulletin"},"content":{"rendered":"\t\t<div data-elementor-type=\"wp-page\" data-elementor-id=\"8475\" class=\"elementor elementor-8475 elementor-8460\" data-elementor-post-type=\"page\">\n\t\t\t\t<div class=\"elementor-element elementor-element-e1f403a e-flex e-con-boxed e-con e-parent\" data-id=\"e1f403a\" data-element_type=\"container\" data-e-type=\"container\" data-settings=\"{&quot;background_background&quot;:&quot;classic&quot;,&quot;jet_parallax_layout_list&quot;:[]}\">\n\t\t\t\t\t<div class=\"e-con-inner\">\n\t\t<div class=\"elementor-element elementor-element-fd41b3d e-con-full e-flex e-con e-child\" data-id=\"fd41b3d\" data-element_type=\"container\" data-e-type=\"container\" data-settings=\"{&quot;jet_parallax_layout_list&quot;:[]}\">\n\t\t\t\t<div class=\"elementor-element elementor-element-cbe821a elementor-widget elementor-widget-heading\" data-id=\"cbe821a\" data-element_type=\"widget\" data-e-type=\"widget\" data-widget_type=\"heading.default\">\n\t\t\t\t<div class=\"elementor-widget-container\">\n\t\t\t\t\t<h1 class=\"elementor-heading-title elementor-size-default\">Merci de vous inscrire \u00e0 notre lettre d'information<\/h1>\t\t\t\t<\/div>\n\t\t\t\t<\/div>\n\t\t\t\t<div class=\"elementor-element elementor-element-5ecf08d elementor-widget elementor-widget-text-editor\" data-id=\"5ecf08d\" data-element_type=\"widget\" data-e-type=\"widget\" data-widget_type=\"text-editor.default\">\n\t\t\t\t<div class=\"elementor-widget-container\">\n\t\t\t\t\t\t\t\t\t<p>Votre inscription \u00e0 la lettre d&rsquo;information a \u00e9t\u00e9 effectu\u00e9e avec succ\u00e8s.<\/p>\n<p>Nous appr\u00e9cions votre int\u00e9r\u00eat et sommes ravis de partager avec vous les derni\u00e8res nouvelles, perspectives et tendances du secteur.<\/p>\n<p>Gardez un \u0153il sur votre bo\u00eete de r\u00e9ception pour notre prochaine lettre d&rsquo;information.<\/p>\n<p>Bienvenue \u00e0 bord !<\/p>\n\t\t\t\t\t\t\t\t<\/div>\n\t\t\t\t<\/div>\n\t\t\t\t<\/div>\n\t\t\t\t\t<\/div>\n\t\t\t\t<\/div>\n\t\t\t\t<\/div>\n\t\t","protected":false},"excerpt":{"rendered":"<p>Merci de vous inscrire \u00e0 notre lettre d&rsquo;information Votre inscription \u00e0 la lettre d&rsquo;information a \u00e9t\u00e9 effectu\u00e9e avec succ\u00e8s. Nous appr\u00e9cions votre int\u00e9r\u00eat et sommes ravis de partager avec vous les derni\u00e8res nouvelles, perspectives et tendances du secteur. Gardez un \u0153il sur votre bo\u00eete de r\u00e9ception pour notre prochaine lettre d&rsquo;information. Bienvenue \u00e0 bord !<\/p>\n","protected":false},"author":3,"featured_media":0,"parent":0,"menu_order":0,"comment_status":"closed","ping_status":"closed","template":"elementor_header_footer","meta":{"footnotes":""},"class_list":["post-8475","page","type-page","status-publish","hentry"],"_links":{"self":[{"href":"https:\/\/madedesign.es\/fr\/wp-json\/wp\/v2\/pages\/8475","targetHints":{"allow":["GET"]}}],"collection":[{"href":"https:\/\/madedesign.es\/fr\/wp-json\/wp\/v2\/pages"}],"about":[{"href":"https:\/\/madedesign.es\/fr\/wp-json\/wp\/v2\/types\/page"}],"author":[{"embeddable":true,"href":"https:\/\/madedesign.es\/fr\/wp-json\/wp\/v2\/users\/3"}],"replies":[{"embeddable":true,"href":"https:\/\/madedesign.es\/fr\/wp-json\/wp\/v2\/comments?post=8475"}],"version-history":[{"count":0,"href":"https:\/\/madedesign.es\/fr\/wp-json\/wp\/v2\/pages\/8475\/revisions"}],"wp:attachment":[{"href":"https:\/\/madedesign.es\/fr\/wp-json\/wp\/v2\/media?parent=8475"}],"curies":[{"name":"wp","href":"https:\/\/api.w.org\/{rel}","templated":true}]}}