{"id":8137,"date":"2023-10-14T00:12:24","date_gmt":"2023-10-13T22:12:24","guid":{"rendered":"http:\/\/madedesign.es\/?page_id=8137"},"modified":"2025-09-24T23:16:31","modified_gmt":"2025-09-24T21:16:31","slug":"cookies","status":"publish","type":"page","link":"https:\/\/madedesign.es\/fr\/cookies\/","title":{"rendered":"Politique en mati\u00e8re de cookies"},"content":{"rendered":"\t\t<div data-elementor-type=\"wp-page\" data-elementor-id=\"8137\" class=\"elementor elementor-8137 elementor-8135\" data-elementor-post-type=\"page\">\n\t\t\t\t<div class=\"elementor-element elementor-element-872e2cf e-flex e-con-boxed e-con e-parent\" data-id=\"872e2cf\" data-element_type=\"container\" data-e-type=\"container\" data-settings=\"{&quot;background_background&quot;:&quot;classic&quot;,&quot;jet_parallax_layout_list&quot;:[]}\">\n\t\t\t\t\t<div class=\"e-con-inner\">\n\t\t\t\t<div class=\"elementor-element elementor-element-478f3a0 elementor-widget elementor-widget-heading\" data-id=\"478f3a0\" data-element_type=\"widget\" data-e-type=\"widget\" data-widget_type=\"heading.default\">\n\t\t\t\t<div class=\"elementor-widget-container\">\n\t\t\t\t\t<h1 class=\"elementor-heading-title elementor-size-default\">Politique en mati\u00e8re de cookies<\/h1>\t\t\t\t<\/div>\n\t\t\t\t<\/div>\n\t\t\t\t\t<\/div>\n\t\t\t\t<\/div>\n\t\t<div class=\"elementor-element elementor-element-4318c5f e-flex e-con-boxed e-con e-parent\" data-id=\"4318c5f\" data-element_type=\"container\" data-e-type=\"container\" data-settings=\"{&quot;background_background&quot;:&quot;classic&quot;,&quot;jet_parallax_layout_list&quot;:[]}\">\n\t\t\t\t\t<div class=\"e-con-inner\">\n\t\t<div class=\"elementor-element elementor-element-1db4d97 e-con-full e-flex e-con e-child\" data-id=\"1db4d97\" data-element_type=\"container\" data-e-type=\"container\" data-settings=\"{&quot;jet_parallax_layout_list&quot;:[],&quot;background_background&quot;:&quot;classic&quot;}\">\n\t\t\t\t<div class=\"elementor-element elementor-element-4ee264e elementor-widget elementor-widget-text-editor\" data-id=\"4ee264e\" data-element_type=\"widget\" data-e-type=\"widget\" data-widget_type=\"text-editor.default\">\n\t\t\t\t<div class=\"elementor-widget-container\">\n\t\t\t\t\t\t\t\t\t<section id=\"cookies-policy\" class=\"static-pages\" data-nav-item=\"static-4\">\n<div class=\"container position-relative\">\n<div>\n<p>Conform\u00e9ment au devoir d&rsquo;information \u00e9nonc\u00e9 au paragraphe 2 de l&rsquo;article 22 de la loi 34\/2002 du 11 juillet sur les services de la soci\u00e9t\u00e9 de l&rsquo;information et du commerce \u00e9lectronique, la pr\u00e9sente politique en mati\u00e8re de cookies a pour but de vous informer de mani\u00e8re claire et pr\u00e9cise sur les cookies utilis\u00e9s sur le site web de www.madedesign.es.&nbsp;<\/p>\n<h4><b><u>Qu&rsquo;est-ce qu&rsquo;un biscuit ?<\/u><\/b><\/h4>\n<p>Un cookie est un petit fichier que les sites web envoient \u00e0 votre navigateur et t\u00e9l\u00e9chargent sur votre ordinateur. Les cookies permettent au site web de stocker et de r\u00e9cup\u00e9rer des informations sur votre visite, telles que votre langue pr\u00e9f\u00e9r\u00e9e et d&rsquo;autres options, afin d&rsquo;am\u00e9liorer les services offerts et de contribuer \u00e0 une meilleure exp\u00e9rience de navigation pour l&rsquo;utilisateur.<\/p>\n<h4><b><u>Types de cookies<\/u><\/b><\/h4>\n<p>Selon la personne qui g\u00e8re le domaine \u00e0 partir duquel les cookies sont envoy\u00e9s et les donn\u00e9es sont trait\u00e9es, on distingue les cookies de premi\u00e8re partie et les cookies de tierce partie.<\/p>\n<p>Les cookies peuvent \u00e9galement \u00eatre class\u00e9s en fonction de la dur\u00e9e pendant laquelle ils restent stock\u00e9s dans le navigateur de l&rsquo;utilisateur, en distinguant les cookies de session et les cookies persistants.<\/p>\n<p>Enfin, en fonction de la finalit\u00e9 du traitement des informations collect\u00e9es, les cookies peuvent \u00eatre class\u00e9s dans les cat\u00e9gories suivantes :<\/p>\n<p>&nbsp; &nbsp;  Les cookies techniques<b>:<\/b>ils permettent \u00e0 l&rsquo;utilisateur de naviguer sur un site web et d&rsquo;utiliser certains des services offerts par celui-ci (comme, par exemple, ceux utilis\u00e9s pour m\u00e9moriser les articles d&rsquo;un panier d&rsquo;achat).<\/p>\n<p>&nbsp; &nbsp;  \u2022 <b>Cookies de personnalisation :<\/b> elles permettent \u00e0 l&rsquo;utilisateur d&rsquo;acc\u00e9der au site web avec des caract\u00e9ristiques d\u00e9termin\u00e9es, comme la langue.<\/p>\n<p>&nbsp; &nbsp;  -Cookies de s\u00e9curit\u00e9<b>:<\/b>ils sont utilis\u00e9s pour pr\u00e9venir ou emp\u00eacher les attaques contre le site web.<\/p>\n<p>&nbsp; &nbsp;  \u2022 <b>Cookies de compl\u00e9ment pour \u00e9changer des contenus sociaux :<\/b> les plug-ins, qui permettent de partager des contenus sur les r\u00e9seaux sociaux.<\/p>\n<p>&nbsp; &nbsp;  \u2022 <b>Cookies d&rsquo;analyse :<\/b> elles permettent au responsable de suivre le comportement de l&rsquo;utilisateur.<\/p>\n<p>&nbsp; &nbsp;  \u2022<b>Cookies publicitaires :<\/b> elles permettent de g\u00e9rer les espaces publicitaires du site web.<\/p>\n<p>&nbsp; &nbsp;  \u2022 <b>Cookies de publicit\u00e9 comportementale :<\/b> comme les pr\u00e9c\u00e9dentes, elles servent \u00e0 g\u00e9rer les espaces publicitaires du site web en fonction des informations recueillies sur le comportement de l&rsquo;utilisateur et ses habitudes, en adaptant la publicit\u00e9 au profil de l&rsquo;utilisateur.&nbsp;<\/p>\n<p>&nbsp; &nbsp;  \u2022 <b>Cookies de g\u00e9olocalisation :<\/b> utilis\u00e9es pour d\u00e9terminer le pays o\u00f9 se trouve l&rsquo;utilisateur<\/p>\n<h4><b><u>Autorisation pour l&rsquo;utilisation de cookies<\/u><\/b><\/h4>\n<p>Conform\u00e9ment \u00e0 l&rsquo;avis relatif aux cookies figurant sur le site web, vous pouvez consentir express\u00e9ment \u00e0 l&rsquo;utilisation de cookies n\u00e9cessitant un consentement ; toutefois, l&rsquo;utilisation de cookies techniques ou n\u00e9cessaires ne n\u00e9cessite pas de consentement. Nonobstant ce qui pr\u00e9c\u00e8de, vous pouvez modifier les param\u00e8tres de votre navigateur pour refuser l&rsquo;utilisation de cookies.<\/p>\n<h4><b><u>Comment modifier vos param\u00e8tres en mati\u00e8re de cookies<\/u><\/b><\/h4>\n<p>Vous pouvez restreindre, bloquer ou supprimer les cookies de MadeDesign ou de toute autre page web en utilisant votre navigateur. Dans chaque navigateur, l&rsquo;op\u00e9ration est diff\u00e9rente, vous pouvez trouver la marche \u00e0 suivre dans le menu d&rsquo;aide de votre navigateur o\u00f9 la proc\u00e9dure de suppression est \u00e9tablie. Pour plus d&rsquo;informations :<\/p>\n<p>&nbsp; &nbsp;  &#8211; Google Chrome :<\/p>\n<p><a href=\"https:\/\/support.google.com\/chrome\/answer\/95647?co=GENIE.Platform%3DDesktop&amp;hl=es\" target=\"_blank\" rel=\"noopener\">https:\/\/support.google.com\/chrome\/answer\/95647?co=GENIE.Platform%3DDesktop&amp;hl=es<\/a><\/p>\n<p>&nbsp; &nbsp;  &#8211; Mozilla Firefox :<\/p>\n<p><a href=\"https:\/\/support.mozilla.org\/es\/kb\/habilitar-y-deshabilitar-cookies-sitios-web-rastrear-preferencias\" target=\"_blank\" rel=\"noopener\">https:\/\/support.mozilla.org\/es\/kb\/habilitar-y-deshabilitar-cookies-sitios-web-rastrear-preferencias<\/a><\/p>\n<p>&nbsp; &nbsp;  &#8211; Safari :<\/p>\n<p><a href=\"https:\/\/support.apple.com\/es-%20es\/guide\/safari\/sfri11471\/mac\" target=\"_blank\" rel=\"noopener\">https:\/\/support.apple.com\/es- fr\/guide\/safari\/sfri11471\/mac<\/a><\/p>\n<p>&nbsp; &nbsp;  &#8211; Internet Explorer :<\/p>\n<p><a href=\"https:\/\/support.microsoft.com\/es-es\/help\/278835\/how-to-delete-cookie-files-in-internet-explorer\" target=\"_blank\" rel=\"noopener\">https:\/\/support.microsoft.com\/es-es\/help\/278835\/how-to-delete-cookie-files-in-internet-explorer<\/a><\/p>\n<p>Il est possible que la d\u00e9sactivation des cookies emp\u00eache le bon fonctionnement du site web ou vous emp\u00eache d\u2019acc\u00e9der \u00e0 certaines de ses fonctionnalit\u00e9s.&nbsp;<\/p>\n<h4><b><u>Modification des conditions<\/u><\/b><\/h4>\n<p>MadeDesign se r\u00e9serve express\u00e9ment le droit de modifier unilat\u00e9ralement, totalement ou partiellement, sans pr\u00e9avis, la pr\u00e9sente Politique de Cookies. Vous reconnaissez et acceptez qu&rsquo;il est de votre responsabilit\u00e9 de consulter la pr\u00e9sente politique en mati\u00e8re de cookies.<\/p>\n<\/div>\n<\/div>\n<\/section>\n<section id=\"cookies_default_text\">\n<div class=\"container\">\n<div class=\"row\">\n<div class=\"col-12\">\n<h2 class=\"h3\">Quels types de cookies MadeDesign utilise-t-il ?<\/h2>\n<div class=\"cookie-type\">\n<div class=\"\"><span class=\"text-body\"><b>Performance et analyse web<\/b><br>Les services trait\u00e9s par nous ou par des tiers nous permettent de quantifier le nombre d&rsquo;utilisateurs et ainsi de r\u00e9aliser la mesure et l&rsquo;analyse statistique de l&rsquo;utilisation que font les utilisateurs du service offert. A cette fin, votre navigation sur notre site est analys\u00e9e afin d&rsquo;am\u00e9liorer la gamme de produits ou de services que nous vous proposons.<br><\/span><\/div>\n<details class=\"cookie-list mt-2 pl-4\">\n<summary><small>Liste compl\u00e8te des cookies de ce type<\/small><\/summary>\n<div class=\"table-responsive\">\n<table class=\"table table-sm mt-2\">\n<thead class=\"thead-light\">\n<tr>\n<th>&nbsp;<\/th>\n<th>&nbsp;<\/th>\n<th>&nbsp;<\/th>\n<th>&nbsp;<\/th>\n<\/tr>\n<\/thead>\n<tbody>\n<tr>\n<td>&nbsp;<\/td>\n<td>&nbsp;<\/td>\n<td>&nbsp;<\/td>\n<td>&nbsp;<\/td>\n<\/tr>\n<tr>\n<td>&nbsp;<\/td>\n<td>&nbsp;<\/td>\n<td>&nbsp;<\/td>\n<td>&nbsp;<\/td>\n<\/tr>\n<tr>\n<td>&nbsp;<\/td>\n<td>&nbsp;<\/td>\n<td>&nbsp;<\/td>\n<td>&nbsp;<\/td>\n<\/tr>\n<tr>\n<td>&nbsp;<\/td>\n<td>&nbsp;<\/td>\n<td>&nbsp;<\/td>\n<td>&nbsp;<\/td>\n<\/tr>\n<tr>\n<td>&nbsp;<\/td>\n<td>&nbsp;<\/td>\n<td>&nbsp;<\/td>\n<td>&nbsp;<\/td>\n<\/tr>\n<tr>\n<td>&nbsp;<\/td>\n<td>&nbsp;<\/td>\n<td>&nbsp;<\/td>\n<td>&nbsp;<\/td>\n<\/tr>\n<\/tbody>\n<\/table>\n<\/div>\n<\/details>\n<hr>\n<\/div>\n<div class=\"cookie-type\">\n<div class=\"\"><span class=\"text-body\"><b>Marketing<\/b><br>Nous utilisons ces donn\u00e9es pour recueillir des informations sur la navigation de l&rsquo;utilisateur afin de pouvoir lui fournir des produits et des annonces qui s&rsquo;adaptent \u00e0 ses int\u00e9r\u00eats et \u00e0 ses besoins. Nous pouvons partager ces informations avec des tiers, tels que Facebook ou Google, afin d&rsquo;am\u00e9liorer votre exp\u00e9rience et de vous montrer des publicit\u00e9s pertinentes sur d&rsquo;autres sites web et applications de tiers.<br><\/span><\/div>\n<details class=\"cookie-list mt-2 pl-4\">\n<summary><small>Liste compl\u00e8te des cookies de ce type<\/small><\/summary>\n<div class=\"table-responsive\">\n<table class=\"table table-sm mt-2\">\n<thead class=\"thead-light\">\n<tr>\n<th>&nbsp;<\/th>\n<th>&nbsp;<\/th>\n<th>&nbsp;<\/th>\n<th>&nbsp;<\/th>\n<\/tr>\n<\/thead>\n<tbody>\n<tr>\n<td>&nbsp;<\/td>\n<td>&nbsp;<\/td>\n<td>&nbsp;<\/td>\n<td>&nbsp;<\/td>\n<\/tr>\n<tr>\n<td>&nbsp;<\/td>\n<td>&nbsp;<\/td>\n<td>&nbsp;<\/td>\n<td>&nbsp;<\/td>\n<\/tr>\n<tr>\n<td>&nbsp;<\/td>\n<td>&nbsp;<\/td>\n<td>&nbsp;<\/td>\n<td>&nbsp;<\/td>\n<\/tr>\n<tr>\n<td>&nbsp;<\/td>\n<td>&nbsp;<\/td>\n<td>&nbsp;<\/td>\n<td>&nbsp;<\/td>\n<\/tr>\n<tr>\n<td>&nbsp;<\/td>\n<td>&nbsp;<\/td>\n<td>&nbsp;<\/td>\n<td>&nbsp;<\/td>\n<\/tr>\n<tr>\n<td>&nbsp;<\/td>\n<td>&nbsp;<\/td>\n<td>&nbsp;<\/td>\n<td>&nbsp;<\/td>\n<\/tr>\n<tr>\n<td>&nbsp;<\/td>\n<td>&nbsp;<\/td>\n<td>&nbsp;<\/td>\n<td>&nbsp;<\/td>\n<\/tr>\n<tr>\n<td>&nbsp;<\/td>\n<td>&nbsp;<\/td>\n<td>&nbsp;<\/td>\n<td>&nbsp;<\/td>\n<\/tr>\n<tr>\n<td>&nbsp;<\/td>\n<td>&nbsp;<\/td>\n<td>&nbsp;<\/td>\n<td>&nbsp;<\/td>\n<\/tr>\n<tr>\n<td>&nbsp;<\/td>\n<td>&nbsp;<\/td>\n<td>&nbsp;<\/td>\n<td>&nbsp;<\/td>\n<\/tr>\n<\/tbody>\n<\/table>\n<\/div>\n<\/details>\n<hr>\n<\/div>\n<div class=\"cookie-type\">\n<div class=\"\"><span class=\"text-body\"><b>N\u00e9cessaires et essentielles<\/b><br>Les donn\u00e9es recueillies dans ces cookies et similaires sont n\u00e9cessaires pour pouvoir naviguer sur le site web et fournir les fonctions de base comme r\u00e9aliser le processus d&rsquo;achat, l&rsquo;acc\u00e8s aux zones priv\u00e9es et s\u00e9curis\u00e9es du site, la v\u00e9rification du bon fonctionnement du portail, etc. Ces cookies seront toujours activ\u00e9s.<br><\/span><\/div>\n<details class=\"cookie-list mt-2 pl-4\">\n<summary><small>Liste compl\u00e8te des cookies de ce type<\/small><\/summary>\n<div class=\"table-responsive\">\n<table class=\"table table-sm mt-2\">\n<thead class=\"thead-light\">\n<tr>\n<th>&nbsp;<\/th>\n<th>&nbsp;<\/th>\n<th>&nbsp;<\/th>\n<th>&nbsp;<\/th>\n<\/tr>\n<\/thead>\n<tbody>\n<tr>\n<td>&nbsp;<\/td>\n<td>&nbsp;<\/td>\n<td>&nbsp;<\/td>\n<td>&nbsp;<\/td>\n<\/tr>\n<tr>\n<td>&nbsp;<\/td>\n<td>&nbsp;<\/td>\n<td>&nbsp;<\/td>\n<td>&nbsp;<\/td>\n<\/tr>\n<tr>\n<td>&nbsp;<\/td>\n<td>&nbsp;<\/td>\n<td>&nbsp;<\/td>\n<td>&nbsp;<\/td>\n<\/tr>\n<tr>\n<td>&nbsp;<\/td>\n<td>&nbsp;<\/td>\n<td>&nbsp;<\/td>\n<td>&nbsp;<\/td>\n<\/tr>\n<tr>\n<td>&nbsp;<\/td>\n<td>&nbsp;<\/td>\n<td>&nbsp;<\/td>\n<td>&nbsp;<\/td>\n<\/tr>\n<tr>\n<td>&nbsp;<\/td>\n<td>&nbsp;<\/td>\n<td>&nbsp;<\/td>\n<td>&nbsp;<\/td>\n<\/tr>\n<tr>\n<td>&nbsp;<\/td>\n<td>&nbsp;<\/td>\n<td>&nbsp;<\/td>\n<td>&nbsp;<\/td>\n<\/tr>\n<tr>\n<td>&nbsp;<\/td>\n<td>&nbsp;<\/td>\n<td>&nbsp;<\/td>\n<td>&nbsp;<\/td>\n<\/tr>\n<tr>\n<td>&nbsp;<\/td>\n<td>&nbsp;<\/td>\n<td>&nbsp;<\/td>\n<td>&nbsp;<\/td>\n<\/tr>\n<tr>\n<td>&nbsp;<\/td>\n<td>&nbsp;<\/td>\n<td>&nbsp;<\/td>\n<td>&nbsp;<\/td>\n<\/tr>\n<tr>\n<td>&nbsp;<\/td>\n<td>&nbsp;<\/td>\n<td>&nbsp;<\/td>\n<td>&nbsp;<\/td>\n<\/tr>\n<\/tbody>\n<\/table>\n<\/div>\n<\/details>\n<\/div>\n<h2 class=\"h3 mt-4\">Comment d\u00e9sactiver les cookies dans les principaux navigateurs ?<\/h2>\n<p>Il est g\u00e9n\u00e9ralement possible d&rsquo;arr\u00eater d&rsquo;accepter les cookies du navigateur, ou d&rsquo;arr\u00eater d&rsquo;accepter les cookies d&rsquo;un service particulier. Tous les navigateurs modernes vous permettent de modifier vos param\u00e8tres en mati\u00e8re de cookies. Ces param\u00e8tres se trouvent g\u00e9n\u00e9ralement dans le menu \u00ab\u00a0options\u00a0\u00bb ou \u00ab\u00a0pr\u00e9f\u00e9rences\u00a0\u00bb de votre navigateur.<\/p>\n<ul class=\"mt-3\">\n<li>Internet Explorer : Outils -&gt; Options Internet -&gt; Confidentialit\u00e9 -&gt; Param\u00e8tres.<\/li>\n<li>Firefox : Outils -&gt; Options -&gt; Confidentialit\u00e9 -&gt; Historique -&gt; Param\u00e8tres personnalis\u00e9s.<\/li>\n<li>Chrome : Param\u00e8tres -&gt; Afficher les options avanc\u00e9es -&gt; Confidentialit\u00e9 -&gt; Param\u00e8tres de contenu.<\/li>\n<li>Safari : Pr\u00e9f\u00e9rences -&gt; S\u00e9curit\u00e9.<\/li>\n<\/ul>\n<h2 class=\"h3 mt-4\">Que se passe-t-il si je d\u00e9sactive les cookies ?<\/h2>\n<p>Certaines fonctionnalit\u00e9s des services seront d\u00e9sactiv\u00e9es, comme, par exemple, les options permettant de rester connect\u00e9, de conserver les achats dans le \u00ab\u00a0panier\u00a0\u00bb d&rsquo;un service de commerce \u00e9lectronique et de recevoir des informations en fonction de l&rsquo;endroit o\u00f9 vous vous trouvez.<\/p>\n<\/div>\n<\/div>\n<\/div>\n<\/section>\t\t\t\t\t\t\t\t<\/div>\n\t\t\t\t<\/div>\n\t\t\t\t<\/div>\n\t\t\t\t\t<\/div>\n\t\t\t\t<\/div>\n\t\t\t\t<\/div>\n\t\t","protected":false},"excerpt":{"rendered":"<p>Conform\u00e9ment au devoir d&rsquo;information \u00e9nonc\u00e9 au paragraphe 2 de l&rsquo;article 22 de la loi 34\/2002 du 11 juillet sur les services de la soci\u00e9t\u00e9 de l&rsquo;information et du commerce \u00e9lectronique, la pr\u00e9sente politique en mati\u00e8re de cookies a pour but de vous informer de mani\u00e8re claire et pr\u00e9cise sur les cookies utilis\u00e9s sur le site [&hellip;]<\/p>\n","protected":false},"author":2,"featured_media":0,"parent":0,"menu_order":0,"comment_status":"closed","ping_status":"closed","template":"elementor_header_footer","meta":{"footnotes":""},"class_list":["post-8137","page","type-page","status-publish","hentry"],"_links":{"self":[{"href":"https:\/\/madedesign.es\/fr\/wp-json\/wp\/v2\/pages\/8137","targetHints":{"allow":["GET"]}}],"collection":[{"href":"https:\/\/madedesign.es\/fr\/wp-json\/wp\/v2\/pages"}],"about":[{"href":"https:\/\/madedesign.es\/fr\/wp-json\/wp\/v2\/types\/page"}],"author":[{"embeddable":true,"href":"https:\/\/madedesign.es\/fr\/wp-json\/wp\/v2\/users\/2"}],"replies":[{"embeddable":true,"href":"https:\/\/madedesign.es\/fr\/wp-json\/wp\/v2\/comments?post=8137"}],"version-history":[{"count":2,"href":"https:\/\/madedesign.es\/fr\/wp-json\/wp\/v2\/pages\/8137\/revisions"}],"predecessor-version":[{"id":10964,"href":"https:\/\/madedesign.es\/fr\/wp-json\/wp\/v2\/pages\/8137\/revisions\/10964"}],"wp:attachment":[{"href":"https:\/\/madedesign.es\/fr\/wp-json\/wp\/v2\/media?parent=8137"}],"curies":[{"name":"wp","href":"https:\/\/api.w.org\/{rel}","templated":true}]}}