{"id":8126,"date":"2023-10-14T00:09:21","date_gmt":"2023-10-13T22:09:21","guid":{"rendered":"http:\/\/madedesign.es\/?page_id=8126"},"modified":"2025-09-24T23:21:41","modified_gmt":"2025-09-24T21:21:41","slug":"politique-de-confidentialite","status":"publish","type":"page","link":"https:\/\/madedesign.es\/fr\/politique-de-confidentialite\/","title":{"rendered":"Politique de confidentialit\u00e9"},"content":{"rendered":"\t\t<div data-elementor-type=\"wp-page\" data-elementor-id=\"8126\" class=\"elementor elementor-8126 elementor-8124\" data-elementor-post-type=\"page\">\n\t\t\t\t<div class=\"elementor-element elementor-element-b1171e3 e-flex e-con-boxed e-con e-parent\" data-id=\"b1171e3\" data-element_type=\"container\" data-e-type=\"container\" data-settings=\"{&quot;background_background&quot;:&quot;classic&quot;,&quot;jet_parallax_layout_list&quot;:[]}\">\n\t\t\t\t\t<div class=\"e-con-inner\">\n\t\t\t\t<div class=\"elementor-element elementor-element-b07adc0 elementor-widget elementor-widget-heading\" data-id=\"b07adc0\" data-element_type=\"widget\" data-e-type=\"widget\" data-widget_type=\"heading.default\">\n\t\t\t\t<div class=\"elementor-widget-container\">\n\t\t\t\t\t<h1 class=\"elementor-heading-title elementor-size-default\">Politique de confidentialit\u00e9<\/h1>\t\t\t\t<\/div>\n\t\t\t\t<\/div>\n\t\t\t\t\t<\/div>\n\t\t\t\t<\/div>\n\t\t<div class=\"elementor-element elementor-element-8b8a5da e-flex e-con-boxed e-con e-parent\" data-id=\"8b8a5da\" data-element_type=\"container\" data-e-type=\"container\" data-settings=\"{&quot;background_background&quot;:&quot;classic&quot;,&quot;jet_parallax_layout_list&quot;:[]}\">\n\t\t\t\t\t<div class=\"e-con-inner\">\n\t\t<div class=\"elementor-element elementor-element-2c509a9 e-con-full e-flex e-con e-child\" data-id=\"2c509a9\" data-element_type=\"container\" data-e-type=\"container\" data-settings=\"{&quot;jet_parallax_layout_list&quot;:[],&quot;background_background&quot;:&quot;classic&quot;}\">\n\t\t\t\t<div class=\"elementor-element elementor-element-1d7c6b7 elementor-widget elementor-widget-text-editor\" data-id=\"1d7c6b7\" data-element_type=\"widget\" data-e-type=\"widget\" data-widget_type=\"text-editor.default\">\n\t\t\t\t<div class=\"elementor-widget-container\">\n\t\t\t\t\t\t\t\t\t<p>Planification Sisplamo, S.L., munie du NIF\/CIF B60530342, adresse Carrer Cam\u00ed De La Font Freda, 17, Nave 4, 08110<\/p>\n<p>&#8211; Montcada I Reixac (Barcelone), ne peut assumer aucune responsabilit\u00e9 d\u00e9riv\u00e9e de erreurs, inappropri\u00e9es ou<\/p>\n<p>utilisation illicite des informations figurant sur les pages Internet de planningsisplamo.com, madedesign.es, sbsystem.es<\/p>\n<p>Dans les limites \u00e9tablies par la loi, planningsisplamo.com, madedesign.es, sbsystem.es n&rsquo;assume aucune responsabilit\u00e9 d\u00e9riv\u00e9e du manque de v\u00e9racit\u00e9, d&rsquo;int\u00e9grit\u00e9, de mise \u00e0 jour et de pr\u00e9cision des donn\u00e9es ou informations contenues dans ses pages Internet.<\/p>\n<p>Les contenus et informations n&rsquo;engagent pas planningsisplamo.com, madedesign.es, sbsystem.es et ne constituent pas non plus des opinions, des conseils ou des conseils juridiques de quelque nature que ce soit, car il s&rsquo;agit simplement d&rsquo;un service offert \u00e0 des fins informatives et informatives.<\/p>\n<p>Les pages Internet de&nbsp; madedesign.es peuvent contenir des liens vers d&rsquo;autres<\/p>\n<p>pages de tiers que&nbsp; madedesign.es ne peuvent pas contr\u00f4ler. Par cons\u00e9quent, planningsisplamo.com, madedesign.es, sbsystem.es ne peuvent assumer la responsabilit\u00e9 du contenu qui pourrait appara\u00eetre sur des pages de tiers.<\/p>\n<p>Les textes, images, sons, animations, logiciels et autres contenus inclus dans ce site Web sont la propri\u00e9t\u00e9 exclusive de planningsisplamo.com, madedesign.es, sbsystem.es ou de ses conc\u00e9dants de licence. Tout acte de transmission, distribution, transfert, reproduction, stockage ou communication publique totale ou partielle doit avoir le consentement expr\u00e8s de planningsisplamo.com, madedesign.es, sbsystem.es.<\/p>\n<p>De m\u00eame, pour acc\u00e9der \u00e0 certains des services propos\u00e9s par planningsisplamo.com, madedesign.es, sbsystem.es via le site Web, vous devez fournir certaines donn\u00e9es personnelles. Conform\u00e9ment aux dispositions de la<\/p>\n<p>R\u00e8glement (UE) 2016\/679 du Parlement europ\u00e9en et du Conseil du 27 avril 2016 relatif \u00e0 la protection des personnes physiques \u00e0 l&rsquo;\u00e9gard du traitement des donn\u00e9es \u00e0 caract\u00e8re personnel et \u00e0 la libre circulation de ces donn\u00e9es, nous vous informons que, par En remplissant ces formulaires, vos donn\u00e9es personnelles seront incorpor\u00e9es et trait\u00e9es dans les fichiers de Planning Sisplamo, S.L. afin de pouvoir vous fournir et vous proposer nos services ainsi que de vous informer des am\u00e9liorations apport\u00e9es au site Internet. De m\u00eame, nous vous informons de la possibilit\u00e9 d&rsquo;exercer vos droits d&rsquo;acc\u00e8s, de rectification, annulation et opposition de vos donn\u00e9es personnelles, gratuitement par email \u00e0 comercial@planningsisplamo.com ou \u00e0 l&rsquo;adresse Carrer Cam\u00ed De La Font Freda, 17, Nave 4, 08110 &#8211; Montcada I Reixac (Barcelone).<\/p>\n<p>Politique de confidentialit\u00e9<\/p>\n<p>PLANIFICATION SISPLAMO, S.L.<\/p>\n<p>C\/ Cam\u00ed de la Font Freda n\u00ba 17 nef 4<\/p>\n<p>PoI. Ind. Pla d\u2019en Coll<\/p>\n<p>08110 Montcada et Reixac<\/p>\n<p>Barcelone Espagne)<\/p>\n<p>CIF B60530342<\/p>\n<p>T. (+34) 93 561 65 95<\/p>\n<p>Courriel&nbsp;: comercial@planningsisplamo.com<\/p>\n<p>Merci de votre int\u00e9r\u00eat pour notre boutique en ligne. Prot\u00e9ger votre vie priv\u00e9e est tr\u00e8s important pour nous. Ci-dessous, nous vous informons en d\u00e9tail sur le traitement de vos donn\u00e9es.<\/p>\n<p>1. Donn\u00e9es d&rsquo;acc\u00e8s et d&rsquo;h\u00e9bergement<\/p>\n<p>Vous pouvez visiter nos pages Web sans avoir besoin de vous identifier. Chaque fois qu&rsquo;une page Web est consult\u00e9e, le serveur Web enregistre uniquement automatiquement un fichier appel\u00e9 Server-Logfile, qui contient, par exemple, le nom du fichier demand\u00e9, son adresse IP, la date et l&rsquo;heure d&rsquo;acc\u00e8s, la quantit\u00e9 de donn\u00e9es transmises. et le fournisseur qui effectue l&rsquo;acc\u00e8s (donn\u00e9es d&rsquo;acc\u00e8s) et qui documente l&rsquo;acc\u00e8s. Ces donn\u00e9es d&rsquo;acc\u00e8s sont analys\u00e9es exclusivement dans le but d&rsquo;assurer le bon fonctionnement de la page, ainsi que d&rsquo;am\u00e9liorer notre offre. Cela sert \u00e0 sauvegarder, dans le cadre d&rsquo;une mise en balance des int\u00e9r\u00eats, notre int\u00e9r\u00eat l\u00e9gitime pr\u00e9dominant \u00e0 une repr\u00e9sentation correcte de notre offre. Toutes les donn\u00e9es d&rsquo;acc\u00e8s sont supprim\u00e9es au plus tard sept jours apr\u00e8s votre acc\u00e8s \u00e0 la page.<\/p>\n<p>2. Collecte et utilisation des donn\u00e9es pour l&rsquo;ex\u00e9cution du contrat et lors de la cr\u00e9ation d&rsquo;un compte client<\/p>\n<p>Nous collectons des donn\u00e9es personnelles lorsque vous nous les fournissez volontairement lors d&rsquo;une commande, lorsque vous nous contactez (par exemple via le formulaire de contact ou par e-mail) ou lorsque vous ouvrez un compte client. Les champs obligatoires sont marqu\u00e9s comme tels, puisque dans ces cas nous avons n\u00e9cessairement besoin des donn\u00e9es pour le traitement du contrat, le traitement de votre contact ou pour l&rsquo;ouverture de votre compte client, et sans lesquelles vous ne pourrez pas finaliser la commande. et\/ou ouvrir le compte ou envoyer les coordonn\u00e9es. Les donn\u00e9es collect\u00e9es sont issues des formulaires de collecte de donn\u00e9es correspondants. Nous utilisons les donn\u00e9es fournies par vous pour le traitement du contrat et pour traiter vos demandes. Apr\u00e8s traitement complet du contrat ou r\u00e9siliation de votre compte client, vos donn\u00e9es sont restreintes<\/p>\t\t\t\t\t\t\t\t<\/div>\n\t\t\t\t<\/div>\n\t\t\t\t<\/div>\n\t\t\t\t\t<\/div>\n\t\t\t\t<\/div>\n\t\t\t\t<\/div>\n\t\t","protected":false},"excerpt":{"rendered":"<p>Planification Sisplamo, S.L., munie du NIF\/CIF B60530342, adresse Carrer Cam\u00ed De La Font Freda, 17, Nave 4, 08110 &#8211; Montcada I Reixac (Barcelone), ne peut assumer aucune responsabilit\u00e9 d\u00e9riv\u00e9e de erreurs, inappropri\u00e9es ou utilisation illicite des informations figurant sur les pages Internet de planningsisplamo.com, madedesign.es, sbsystem.es Dans les limites \u00e9tablies par la loi, planningsisplamo.com, madedesign.es, [&hellip;]<\/p>\n","protected":false},"author":2,"featured_media":0,"parent":0,"menu_order":0,"comment_status":"closed","ping_status":"closed","template":"elementor_header_footer","meta":{"footnotes":""},"class_list":["post-8126","page","type-page","status-publish","hentry"],"_links":{"self":[{"href":"https:\/\/madedesign.es\/fr\/wp-json\/wp\/v2\/pages\/8126","targetHints":{"allow":["GET"]}}],"collection":[{"href":"https:\/\/madedesign.es\/fr\/wp-json\/wp\/v2\/pages"}],"about":[{"href":"https:\/\/madedesign.es\/fr\/wp-json\/wp\/v2\/types\/page"}],"author":[{"embeddable":true,"href":"https:\/\/madedesign.es\/fr\/wp-json\/wp\/v2\/users\/2"}],"replies":[{"embeddable":true,"href":"https:\/\/madedesign.es\/fr\/wp-json\/wp\/v2\/comments?post=8126"}],"version-history":[{"count":3,"href":"https:\/\/madedesign.es\/fr\/wp-json\/wp\/v2\/pages\/8126\/revisions"}],"predecessor-version":[{"id":10969,"href":"https:\/\/madedesign.es\/fr\/wp-json\/wp\/v2\/pages\/8126\/revisions\/10969"}],"wp:attachment":[{"href":"https:\/\/madedesign.es\/fr\/wp-json\/wp\/v2\/media?parent=8126"}],"curies":[{"name":"wp","href":"https:\/\/api.w.org\/{rel}","templated":true}]}}