{"id":8112,"date":"2023-10-14T00:04:20","date_gmt":"2023-10-13T22:04:20","guid":{"rendered":"http:\/\/madedesign.es\/?page_id=8112"},"modified":"2025-09-24T22:58:12","modified_gmt":"2025-09-24T20:58:12","slug":"avis-juridique","status":"publish","type":"page","link":"https:\/\/madedesign.es\/fr\/avis-juridique\/","title":{"rendered":"Avis juridique"},"content":{"rendered":"\t\t<div data-elementor-type=\"wp-page\" data-elementor-id=\"8112\" class=\"elementor elementor-8112 elementor-8110\" data-elementor-post-type=\"page\">\n\t\t\t\t<div class=\"elementor-element elementor-element-872e2cf e-flex e-con-boxed e-con e-parent\" data-id=\"872e2cf\" data-element_type=\"container\" data-e-type=\"container\" data-settings=\"{&quot;background_background&quot;:&quot;classic&quot;,&quot;jet_parallax_layout_list&quot;:[]}\">\n\t\t\t\t\t<div class=\"e-con-inner\">\n\t\t\t\t<div class=\"elementor-element elementor-element-478f3a0 elementor-widget elementor-widget-heading\" data-id=\"478f3a0\" data-element_type=\"widget\" data-e-type=\"widget\" data-widget_type=\"heading.default\">\n\t\t\t\t<div class=\"elementor-widget-container\">\n\t\t\t\t\t<h1 class=\"elementor-heading-title elementor-size-default\">Avis juridique<\/h1>\t\t\t\t<\/div>\n\t\t\t\t<\/div>\n\t\t\t\t\t<\/div>\n\t\t\t\t<\/div>\n\t\t<div class=\"elementor-element elementor-element-4318c5f e-flex e-con-boxed e-con e-parent\" data-id=\"4318c5f\" data-element_type=\"container\" data-e-type=\"container\" data-settings=\"{&quot;background_background&quot;:&quot;classic&quot;,&quot;jet_parallax_layout_list&quot;:[]}\">\n\t\t\t\t\t<div class=\"e-con-inner\">\n\t\t<div class=\"elementor-element elementor-element-1db4d97 e-con-full e-flex e-con e-child\" data-id=\"1db4d97\" data-element_type=\"container\" data-e-type=\"container\" data-settings=\"{&quot;jet_parallax_layout_list&quot;:[],&quot;background_background&quot;:&quot;classic&quot;}\">\n\t\t\t\t<div class=\"elementor-element elementor-element-4ee264e elementor-widget elementor-widget-text-editor\" data-id=\"4ee264e\" data-element_type=\"widget\" data-e-type=\"widget\" data-widget_type=\"text-editor.default\">\n\t\t\t\t<div class=\"elementor-widget-container\">\n\t\t\t\t\t\t\t\t\t<p>Planning Sisplamo, S.L., avec NIF\/CIF B60530342, adresse Carrer Cam\u00ed De La Font Freda, 17, Nave 4, 08110<\/p>\n<p>&#8211; Montcada I Reixac (Barcelona), ne peut assumer aucune responsabilit\u00e9 d\u00e9riv\u00e9e de l&rsquo;utilisation incorrecte, inappropri\u00e9e ou illicite de l&rsquo;information apparaissant sur les pages Internet de planningsisplamo.com, madedesign.es, sbsystem.es.<\/p>\n<p>Dans les limites \u00e9tablies par la loi, planningsisplamo.com, madedesign.es, sbsystem.es n&rsquo;assume aucune responsabilit\u00e9 quant au manque de v\u00e9racit\u00e9, d&rsquo;exhaustivit\u00e9, de mise \u00e0 jour et d&rsquo;exactitude des donn\u00e9es ou des informations contenues dans ses pages Internet.<\/p>\n<p>Les contenus et les informations ne lient pas planningsisplamo.com, madedesign.es, sbsystem.es et ne constituent pas non plus des opinions, des conseils ou des avis juridiques de quelque nature que ce soit, car il s&rsquo;agit simplement d&rsquo;un service offert \u00e0 des fins d&rsquo;information et d&rsquo;information.<\/p>\n<p>Les pages Internet de planningsisplamo.com, madedesign.es, sbsystem.es peuvent contenir des liens vers d&rsquo;autres pages de tiers que planningsisplamo.com, madedesign.es, sbsystem.es ne peut contr\u00f4ler. Par cons\u00e9quent, planningsisplamo.com, madedesign.es, sbsystem.es ne peuvent assumer la responsabilit\u00e9 du contenu qui peut appara\u00eetre sur les sites de tiers.<\/p>\n<p>Les textes, images, sons, animations, logiciels et autres contenus inclus dans ce site sont la propri\u00e9t\u00e9 exclusive de planningsisplamo.com, madedesign.es, sbsystem.es ou de leurs conc\u00e9dants de licence. Tout acte de transmission, de distribution, de transfert, de reproduction, de stockage ou de communication publique, en tout ou en partie, doit faire l&rsquo;objet d&rsquo;un consentement expr\u00e8s de la part de planningsisplamo.com, madedesign.es, sbsystem.es.<\/p>\n<p>De m\u00eame, pour acc\u00e9der \u00e0 certains des services que planningsisplamo.com, madedesign.es, sbsystem.es offre \u00e0 travers le site web, vous devez fournir certaines donn\u00e9es personnelles. Conform\u00e9ment aux dispositions du R\u00e8glement (UE) 2016\/679 du Parlement europ\u00e9en et du Conseil du 27 avril 2016 relatif \u00e0 la protection des personnes physiques \u00e0 l&rsquo;\u00e9gard du traitement des donn\u00e9es \u00e0 caract\u00e8re personnel et \u00e0 la libre circulation de ces donn\u00e9es, nous vous informons qu&rsquo;en remplissant ces formulaires, vos donn\u00e9es personnelles seront stock\u00e9es et trait\u00e9es dans les fichiers de Planning Sisplamo, S.L. afin de vous fournir et de vous offrir nos services et de vous informer des am\u00e9liorations apport\u00e9es au site Web. Nous vous informons \u00e9galement de la possibilit\u00e9 d&rsquo;exercer gratuitement vos droits d&rsquo;acc\u00e8s, de rectification, d&rsquo;annulation et d&rsquo;opposition de vos donn\u00e9es personnelles, par courrier \u00e9lectronique \u00e0 comercial@planningsisplamo.com ou \u00e0 l&rsquo;adresse Carrer Cam\u00ed De La Font Freda, 17, Nave 4, 08110 &#8211; Montcada I Reixac (Barcelone).<\/p>\n\t\t\t\t\t\t\t\t<\/div>\n\t\t\t\t<\/div>\n\t\t\t\t<\/div>\n\t\t\t\t\t<\/div>\n\t\t\t\t<\/div>\n\t\t\t\t<\/div>\n\t\t","protected":false},"excerpt":{"rendered":"<p>Planning Sisplamo, S.L., avec NIF\/CIF B60530342, adresse Carrer Cam\u00ed De La Font Freda, 17, Nave 4, 08110 &#8211; Montcada I Reixac (Barcelona), ne peut assumer aucune responsabilit\u00e9 d\u00e9riv\u00e9e de l&rsquo;utilisation incorrecte, inappropri\u00e9e ou illicite de l&rsquo;information apparaissant sur les pages Internet de planningsisplamo.com, madedesign.es, sbsystem.es. Dans les limites \u00e9tablies par la loi, planningsisplamo.com, madedesign.es, sbsystem.es [&hellip;]<\/p>\n","protected":false},"author":2,"featured_media":0,"parent":0,"menu_order":0,"comment_status":"closed","ping_status":"closed","template":"elementor_header_footer","meta":{"footnotes":""},"class_list":["post-8112","page","type-page","status-publish","hentry"],"_links":{"self":[{"href":"https:\/\/madedesign.es\/fr\/wp-json\/wp\/v2\/pages\/8112","targetHints":{"allow":["GET"]}}],"collection":[{"href":"https:\/\/madedesign.es\/fr\/wp-json\/wp\/v2\/pages"}],"about":[{"href":"https:\/\/madedesign.es\/fr\/wp-json\/wp\/v2\/types\/page"}],"author":[{"embeddable":true,"href":"https:\/\/madedesign.es\/fr\/wp-json\/wp\/v2\/users\/2"}],"replies":[{"embeddable":true,"href":"https:\/\/madedesign.es\/fr\/wp-json\/wp\/v2\/comments?post=8112"}],"version-history":[{"count":1,"href":"https:\/\/madedesign.es\/fr\/wp-json\/wp\/v2\/pages\/8112\/revisions"}],"predecessor-version":[{"id":10935,"href":"https:\/\/madedesign.es\/fr\/wp-json\/wp\/v2\/pages\/8112\/revisions\/10935"}],"wp:attachment":[{"href":"https:\/\/madedesign.es\/fr\/wp-json\/wp\/v2\/media?parent=8112"}],"curies":[{"name":"wp","href":"https:\/\/api.w.org\/{rel}","templated":true}]}}